{"id":564,"date":"2020-02-03T18:20:04","date_gmt":"2020-02-03T18:20:04","guid":{"rendered":"http:\/\/thilinizach.de\/?page_id=564"},"modified":"2020-02-03T18:20:04","modified_gmt":"2020-02-03T18:20:04","slug":"abstraktes","status":"publish","type":"page","link":"https:\/\/thilinizach.de\/?page_id=564","title":{"rendered":"Abstraktes"},"content":{"rendered":"\n<p>Auf Bild klicken f\u00fcr gr\u00f6\u00dfere Ansicht.<\/p>\n\n\n\t\t\t<style>\r\n                #foogallery-gallery-563.fg-masonry .fg-item {\r\n                    width: 250px;\r\n                    margin-right: 10px;\r\n                    margin-bottom: 10px;\r\n                }\r\n\t\t\t<\/style>\r\n\t\t\t<div class=\"foogallery foogallery-container foogallery-masonry foogallery-lightbox-dfactory fg-center fg-masonry fg-light fg-loading-default fg-loaded-fade-in fg-hover-fade fg-ready fg-fixed\" id=\"foogallery-gallery-563\" data-foogallery=\"{&quot;item&quot;:{&quot;showCaptionTitle&quot;:true,&quot;showCaptionDescription&quot;:true},&quot;lazy&quot;:true,&quot;template&quot;:{&quot;columnWidth&quot;:250,&quot;gutter&quot;:10}}\" >\r\n\t\t<div class=\"fg-item fg-type-image fg-idle\"><figure class=\"fg-item-inner\"><a href=\"https:\/\/thilinizach.de\/wp-content\/uploads\/2019\/07\/850_5653-scaled.jpg\" data-attachment-id=\"678\" data-rel=\"lightbox-gallery-0\" data-rl_title=\"Schattenwald, 80&#215;100 cm\" data-rl_caption=\"\" class=\"fg-thumb\" title=\"Schattenwald, 80&#215;100 cm\"><span class=\"fg-image-wrap\"><img decoding=\"async\" width=\"250\" height=\"198\" class=\"skip-lazy fg-image\" data-src-fg=\"https:\/\/thilinizach.de\/wp-content\/uploads\/cache\/2019\/07\/850_5653-scaled\/4196703917.jpg\" src=\"data:image\/svg+xml,%3Csvg%20xmlns%3D%22http%3A%2F%2Fwww.w3.org%2F2000%2Fsvg%22%20width%3D%22250%22%20height%3D%22198%22%20viewBox%3D%220%200%20250%20198%22%3E%3C%2Fsvg%3E\" loading=\"eager\"><\/span><span class=\"fg-image-overlay\"><\/span><\/a><figcaption class=\"fg-caption\"><div class=\"fg-caption-inner\"><\/div><\/figcaption><\/figure><div class=\"fg-loader\"><\/div><\/div><div class=\"fg-item fg-type-image fg-idle\"><figure class=\"fg-item-inner\"><a href=\"https:\/\/thilinizach.de\/wp-content\/uploads\/2019\/07\/DSC04025kopie-Mittel.jpg\" data-attachment-id=\"393\" data-rel=\"lightbox-gallery-0\" data-rl_title=\"Fallen, \u00d6l 120&#215;100 cm\" data-rl_caption=\"\" class=\"fg-thumb\" title=\"Fallen, \u00d6l 120&#215;100 cm\"><span class=\"fg-image-wrap\"><img decoding=\"async\" width=\"250\" height=\"301\" class=\"skip-lazy fg-image\" data-src-fg=\"https:\/\/thilinizach.de\/wp-content\/uploads\/cache\/2019\/07\/DSC04025kopie-Mittel\/3982964365.jpg\" src=\"data:image\/svg+xml,%3Csvg%20xmlns%3D%22http%3A%2F%2Fwww.w3.org%2F2000%2Fsvg%22%20width%3D%22250%22%20height%3D%22301%22%20viewBox%3D%220%200%20250%20301%22%3E%3C%2Fsvg%3E\" loading=\"eager\"><\/span><span class=\"fg-image-overlay\"><\/span><\/a><figcaption class=\"fg-caption\"><div class=\"fg-caption-inner\"><\/div><\/figcaption><\/figure><div class=\"fg-loader\"><\/div><\/div><div class=\"fg-item fg-type-image fg-idle\"><figure class=\"fg-item-inner\"><a href=\"https:\/\/thilinizach.de\/wp-content\/uploads\/2019\/07\/78B1792-Mittel.jpg\" data-attachment-id=\"390\" data-rel=\"lightbox-gallery-0\" data-rl_title=\"Sturm, \u00d6l 20&#215;20 cm\" data-rl_caption=\"\" class=\"fg-thumb\" title=\"Sturm, \u00d6l 20&#215;20 cm\"><span class=\"fg-image-wrap\"><img decoding=\"async\" width=\"250\" height=\"253\" class=\"skip-lazy fg-image\" data-src-fg=\"https:\/\/thilinizach.de\/wp-content\/uploads\/cache\/2019\/07\/78B1792-Mittel\/3296582435.jpg\" src=\"data:image\/svg+xml,%3Csvg%20xmlns%3D%22http%3A%2F%2Fwww.w3.org%2F2000%2Fsvg%22%20width%3D%22250%22%20height%3D%22253%22%20viewBox%3D%220%200%20250%20253%22%3E%3C%2Fsvg%3E\" loading=\"eager\"><\/span><span class=\"fg-image-overlay\"><\/span><\/a><figcaption class=\"fg-caption\"><div class=\"fg-caption-inner\"><\/div><\/figcaption><\/figure><div class=\"fg-loader\"><\/div><\/div><div class=\"fg-item fg-type-image fg-idle\"><figure class=\"fg-item-inner\"><a href=\"https:\/\/thilinizach.de\/wp-content\/uploads\/2019\/07\/Wiesenlandschaft-Mittel.jpg\" data-attachment-id=\"768\" data-rel=\"lightbox-gallery-0\" data-rl_title=\"Wiesenlandschaft, 100&#215;130 cm\" data-rl_caption=\"\" class=\"fg-thumb\" title=\"Wiesenlandschaft, 100&#215;130 cm\"><span class=\"fg-image-wrap\"><img decoding=\"async\" width=\"250\" height=\"191\" class=\"skip-lazy fg-image\" data-src-fg=\"https:\/\/thilinizach.de\/wp-content\/uploads\/cache\/2019\/07\/Wiesenlandschaft-Mittel\/3420987480.jpg\" src=\"data:image\/svg+xml,%3Csvg%20xmlns%3D%22http%3A%2F%2Fwww.w3.org%2F2000%2Fsvg%22%20width%3D%22250%22%20height%3D%22191%22%20viewBox%3D%220%200%20250%20191%22%3E%3C%2Fsvg%3E\" loading=\"eager\"><\/span><span class=\"fg-image-overlay\"><\/span><\/a><figcaption class=\"fg-caption\"><div class=\"fg-caption-inner\"><\/div><\/figcaption><\/figure><div class=\"fg-loader\"><\/div><\/div><div class=\"fg-item fg-type-image fg-idle\"><figure class=\"fg-item-inner\"><a href=\"https:\/\/thilinizach.de\/wp-content\/uploads\/2019\/07\/Weite-Mittel.jpg\" data-attachment-id=\"767\" data-rel=\"lightbox-gallery-0\" data-rl_title=\"Weite, 120&#215;150 cm\" data-rl_caption=\"\" class=\"fg-thumb\" title=\"Weite, 120&#215;150 cm\"><span class=\"fg-image-wrap\"><img decoding=\"async\" width=\"250\" height=\"199\" class=\"skip-lazy fg-image\" data-src-fg=\"https:\/\/thilinizach.de\/wp-content\/uploads\/cache\/2019\/07\/Weite-Mittel\/3186081147.jpg\" src=\"data:image\/svg+xml,%3Csvg%20xmlns%3D%22http%3A%2F%2Fwww.w3.org%2F2000%2Fsvg%22%20width%3D%22250%22%20height%3D%22199%22%20viewBox%3D%220%200%20250%20199%22%3E%3C%2Fsvg%3E\" loading=\"eager\"><\/span><span class=\"fg-image-overlay\"><\/span><\/a><figcaption class=\"fg-caption\"><div class=\"fg-caption-inner\"><\/div><\/figcaption><\/figure><div class=\"fg-loader\"><\/div><\/div><div class=\"fg-item fg-type-image fg-idle\"><figure class=\"fg-item-inner\"><a href=\"https:\/\/thilinizach.de\/wp-content\/uploads\/2019\/07\/Leise-Landschaft-Mittel.jpg\" data-attachment-id=\"764\" data-rel=\"lightbox-gallery-0\" data-rl_title=\"Leise Landschaft, 120&#215;160 cm\" data-rl_caption=\"\" class=\"fg-thumb\" title=\"Leise Landschaft, 120&#215;160 cm\"><span class=\"fg-image-wrap\"><img decoding=\"async\" width=\"250\" height=\"187\" class=\"skip-lazy fg-image\" data-src-fg=\"https:\/\/thilinizach.de\/wp-content\/uploads\/cache\/2019\/07\/Leise-Landschaft-Mittel\/135339178.jpg\" src=\"data:image\/svg+xml,%3Csvg%20xmlns%3D%22http%3A%2F%2Fwww.w3.org%2F2000%2Fsvg%22%20width%3D%22250%22%20height%3D%22187%22%20viewBox%3D%220%200%20250%20187%22%3E%3C%2Fsvg%3E\" loading=\"eager\"><\/span><span class=\"fg-image-overlay\"><\/span><\/a><figcaption class=\"fg-caption\"><div class=\"fg-caption-inner\"><\/div><\/figcaption><\/figure><div class=\"fg-loader\"><\/div><\/div><div class=\"fg-item fg-type-image fg-idle\"><figure class=\"fg-item-inner\"><a href=\"https:\/\/thilinizach.de\/wp-content\/uploads\/2019\/07\/Illusionoder-Wirklichkeit-Mittel.jpg\" data-attachment-id=\"762\" data-rel=\"lightbox-gallery-0\" data-rl_title=\"Illusion oder Wirklichkeit,110&#215;200 cm\" data-rl_caption=\"\" class=\"fg-thumb\" title=\"Illusion oder Wirklichkeit,110&#215;200 cm\"><span class=\"fg-image-wrap\"><img decoding=\"async\" width=\"250\" height=\"135\" class=\"skip-lazy fg-image\" data-src-fg=\"https:\/\/thilinizach.de\/wp-content\/uploads\/cache\/2019\/07\/Illusionoder-Wirklichkeit-Mittel\/3279705492.jpg\" src=\"data:image\/svg+xml,%3Csvg%20xmlns%3D%22http%3A%2F%2Fwww.w3.org%2F2000%2Fsvg%22%20width%3D%22250%22%20height%3D%22135%22%20viewBox%3D%220%200%20250%20135%22%3E%3C%2Fsvg%3E\" loading=\"eager\"><\/span><span class=\"fg-image-overlay\"><\/span><\/a><figcaption class=\"fg-caption\"><div class=\"fg-caption-inner\"><\/div><\/figcaption><\/figure><div class=\"fg-loader\"><\/div><\/div><div class=\"fg-item fg-type-image fg-idle\"><figure class=\"fg-item-inner\"><a href=\"https:\/\/thilinizach.de\/wp-content\/uploads\/2019\/07\/Gelbe-Felder-Mittel.jpg\" data-attachment-id=\"761\" data-rel=\"lightbox-gallery-0\" data-rl_title=\"Gelbe Felder,100&#215;100 cm\" data-rl_caption=\"\" class=\"fg-thumb\" title=\"Gelbe Felder,100&#215;100 cm\"><span class=\"fg-image-wrap\"><img decoding=\"async\" width=\"250\" height=\"249\" class=\"skip-lazy fg-image\" data-src-fg=\"https:\/\/thilinizach.de\/wp-content\/uploads\/cache\/2019\/07\/Gelbe-Felder-Mittel\/432658409.jpg\" src=\"data:image\/svg+xml,%3Csvg%20xmlns%3D%22http%3A%2F%2Fwww.w3.org%2F2000%2Fsvg%22%20width%3D%22250%22%20height%3D%22249%22%20viewBox%3D%220%200%20250%20249%22%3E%3C%2Fsvg%3E\" loading=\"eager\"><\/span><span class=\"fg-image-overlay\"><\/span><\/a><figcaption class=\"fg-caption\"><div class=\"fg-caption-inner\"><\/div><\/figcaption><\/figure><div class=\"fg-loader\"><\/div><\/div><div class=\"fg-item fg-type-image fg-idle\"><figure class=\"fg-item-inner\"><a href=\"https:\/\/thilinizach.de\/wp-content\/uploads\/2019\/07\/Am-Meer-Mittel.jpg\" data-attachment-id=\"755\" data-rel=\"lightbox-gallery-0\" data-rl_title=\"Am Meer, 80&#215;100 cm\" data-rl_caption=\"\" class=\"fg-thumb\" title=\"Am Meer, 80&#215;100 cm\"><span class=\"fg-image-wrap\"><img decoding=\"async\" width=\"250\" height=\"198\" class=\"skip-lazy fg-image\" data-src-fg=\"https:\/\/thilinizach.de\/wp-content\/uploads\/cache\/2019\/07\/Am-Meer-Mittel\/848070763.jpg\" src=\"data:image\/svg+xml,%3Csvg%20xmlns%3D%22http%3A%2F%2Fwww.w3.org%2F2000%2Fsvg%22%20width%3D%22250%22%20height%3D%22198%22%20viewBox%3D%220%200%20250%20198%22%3E%3C%2Fsvg%3E\" loading=\"eager\"><\/span><span class=\"fg-image-overlay\"><\/span><\/a><figcaption class=\"fg-caption\"><div class=\"fg-caption-inner\"><\/div><\/figcaption><\/figure><div class=\"fg-loader\"><\/div><\/div><div class=\"fg-item fg-type-image fg-idle\"><figure class=\"fg-item-inner\"><a href=\"https:\/\/thilinizach.de\/wp-content\/uploads\/2019\/07\/Aufziehender-Sturm-Mittel.jpg\" data-attachment-id=\"756\" data-rel=\"lightbox-gallery-0\" data-rl_title=\"Aufziehender Sturm, 100&#215;140 cm\" data-rl_caption=\"\" class=\"fg-thumb\" title=\"Aufziehender Sturm, 100&#215;140 cm\"><span class=\"fg-image-wrap\"><img decoding=\"async\" width=\"250\" height=\"189\" class=\"skip-lazy fg-image\" data-src-fg=\"https:\/\/thilinizach.de\/wp-content\/uploads\/cache\/2019\/07\/Aufziehender-Sturm-Mittel\/676321191.jpg\" src=\"data:image\/svg+xml,%3Csvg%20xmlns%3D%22http%3A%2F%2Fwww.w3.org%2F2000%2Fsvg%22%20width%3D%22250%22%20height%3D%22189%22%20viewBox%3D%220%200%20250%20189%22%3E%3C%2Fsvg%3E\" loading=\"eager\"><\/span><span class=\"fg-image-overlay\"><\/span><\/a><figcaption class=\"fg-caption\"><div class=\"fg-caption-inner\"><\/div><\/figcaption><\/figure><div class=\"fg-loader\"><\/div><\/div><div class=\"fg-item fg-type-image fg-idle\"><figure class=\"fg-item-inner\"><a href=\"https:\/\/thilinizach.de\/wp-content\/uploads\/2019\/07\/Blauer-Wald-Mittel.jpg\" data-attachment-id=\"758\" data-rel=\"lightbox-gallery-0\" data-rl_title=\"Blauer Wald, 100&#215;100 cm\" data-rl_caption=\"\" class=\"fg-thumb\" title=\"Blauer Wald, 100&#215;100 cm\"><span class=\"fg-image-wrap\"><img decoding=\"async\" width=\"250\" height=\"249\" class=\"skip-lazy fg-image\" data-src-fg=\"https:\/\/thilinizach.de\/wp-content\/uploads\/cache\/2019\/07\/Blauer-Wald-Mittel\/3485382099.jpg\" src=\"data:image\/svg+xml,%3Csvg%20xmlns%3D%22http%3A%2F%2Fwww.w3.org%2F2000%2Fsvg%22%20width%3D%22250%22%20height%3D%22249%22%20viewBox%3D%220%200%20250%20249%22%3E%3C%2Fsvg%3E\" loading=\"eager\"><\/span><span class=\"fg-image-overlay\"><\/span><\/a><figcaption class=\"fg-caption\"><div class=\"fg-caption-inner\"><\/div><\/figcaption><\/figure><div class=\"fg-loader\"><\/div><\/div><div class=\"fg-item fg-type-image fg-idle\"><figure class=\"fg-item-inner\"><a href=\"https:\/\/thilinizach.de\/wp-content\/uploads\/2019\/07\/850_5604-scaled.jpg\" data-attachment-id=\"676\" data-rel=\"lightbox-gallery-0\" data-rl_title=\"Herbststimmung, 100&#215;140 cm\" data-rl_caption=\"\" class=\"fg-thumb\" title=\"Herbststimmung, 100&#215;140 cm\"><span class=\"fg-image-wrap\"><img decoding=\"async\" width=\"250\" height=\"177\" class=\"skip-lazy fg-image\" data-src-fg=\"https:\/\/thilinizach.de\/wp-content\/uploads\/cache\/2019\/07\/850_5604-scaled\/2217151526.jpg\" src=\"data:image\/svg+xml,%3Csvg%20xmlns%3D%22http%3A%2F%2Fwww.w3.org%2F2000%2Fsvg%22%20width%3D%22250%22%20height%3D%22177%22%20viewBox%3D%220%200%20250%20177%22%3E%3C%2Fsvg%3E\" loading=\"eager\"><\/span><span class=\"fg-image-overlay\"><\/span><\/a><figcaption class=\"fg-caption\"><div class=\"fg-caption-inner\"><\/div><\/figcaption><\/figure><div class=\"fg-loader\"><\/div><\/div><div class=\"fg-item fg-type-image fg-idle\"><figure class=\"fg-item-inner\"><a href=\"https:\/\/thilinizach.de\/wp-content\/uploads\/2019\/07\/DSC04735bearbeitet_wir-scaled.jpg\" data-attachment-id=\"631\" data-rel=\"lightbox-gallery-0\" data-rl_title=\"Sonnenuntergang, 100&#215;140 cm\" data-rl_caption=\"\" class=\"fg-thumb\" title=\"Sonnenuntergang, 100&#215;140 cm\"><span class=\"fg-image-wrap\"><img decoding=\"async\" width=\"250\" height=\"177\" class=\"skip-lazy fg-image\" data-src-fg=\"https:\/\/thilinizach.de\/wp-content\/uploads\/cache\/2019\/07\/DSC04735bearbeitet_wir-scaled\/3589480233.jpg\" src=\"data:image\/svg+xml,%3Csvg%20xmlns%3D%22http%3A%2F%2Fwww.w3.org%2F2000%2Fsvg%22%20width%3D%22250%22%20height%3D%22177%22%20viewBox%3D%220%200%20250%20177%22%3E%3C%2Fsvg%3E\" loading=\"eager\"><\/span><span class=\"fg-image-overlay\"><\/span><\/a><figcaption class=\"fg-caption\"><div class=\"fg-caption-inner\"><\/div><\/figcaption><\/figure><div class=\"fg-loader\"><\/div><\/div><div class=\"fg-item fg-type-image fg-idle\"><figure class=\"fg-item-inner\"><a href=\"https:\/\/thilinizach.de\/wp-content\/uploads\/2019\/07\/DSC028802-Mittel.jpg\" data-attachment-id=\"387\" data-rel=\"lightbox-gallery-0\" data-rl_title=\"Das Licht siegt \u00fcber dem Eismeer, 60&#215;50 cm\" data-rl_caption=\"\" class=\"fg-thumb\" title=\"Das Licht siegt \u00fcber dem Eismeer, 60&#215;50 cm\"><span class=\"fg-image-wrap\"><img decoding=\"async\" width=\"250\" height=\"209\" class=\"skip-lazy fg-image\" data-src-fg=\"https:\/\/thilinizach.de\/wp-content\/uploads\/cache\/2019\/07\/DSC028802-Mittel\/1601255538.jpg\" src=\"data:image\/svg+xml,%3Csvg%20xmlns%3D%22http%3A%2F%2Fwww.w3.org%2F2000%2Fsvg%22%20width%3D%22250%22%20height%3D%22209%22%20viewBox%3D%220%200%20250%20209%22%3E%3C%2Fsvg%3E\" loading=\"eager\"><\/span><span class=\"fg-image-overlay\"><\/span><\/a><figcaption class=\"fg-caption\"><div class=\"fg-caption-inner\"><\/div><\/figcaption><\/figure><div class=\"fg-loader\"><\/div><\/div><div class=\"fg-item fg-type-image fg-idle\"><figure class=\"fg-item-inner\"><a href=\"https:\/\/thilinizach.de\/wp-content\/uploads\/2019\/07\/DSC026222-Mittel.jpg\" data-attachment-id=\"385\" data-rel=\"lightbox-gallery-0\" data-rl_title=\"In der Ferne, 70&#215;70 cm\" data-rl_caption=\"\" class=\"fg-thumb\" title=\"In der Ferne, 70&#215;70 cm\"><span class=\"fg-image-wrap\"><img decoding=\"async\" width=\"250\" height=\"249\" class=\"skip-lazy fg-image\" data-src-fg=\"https:\/\/thilinizach.de\/wp-content\/uploads\/cache\/2019\/07\/DSC026222-Mittel\/2792203767.jpg\" src=\"data:image\/svg+xml,%3Csvg%20xmlns%3D%22http%3A%2F%2Fwww.w3.org%2F2000%2Fsvg%22%20width%3D%22250%22%20height%3D%22249%22%20viewBox%3D%220%200%20250%20249%22%3E%3C%2Fsvg%3E\" loading=\"eager\"><\/span><span class=\"fg-image-overlay\"><\/span><\/a><figcaption class=\"fg-caption\"><div class=\"fg-caption-inner\"><\/div><\/figcaption><\/figure><div class=\"fg-loader\"><\/div><\/div><\/div>","protected":false},"excerpt":{"rendered":"<p>Auf Bild klicken f\u00fcr gr\u00f6\u00dfere Ansicht.<\/p>\n","protected":false},"author":1,"featured_media":0,"parent":0,"menu_order":0,"comment_status":"closed","ping_status":"closed","template":"","meta":[],"_links":{"self":[{"href":"https:\/\/thilinizach.de\/index.php?rest_route=\/wp\/v2\/pages\/564"}],"collection":[{"href":"https:\/\/thilinizach.de\/index.php?rest_route=\/wp\/v2\/pages"}],"about":[{"href":"https:\/\/thilinizach.de\/index.php?rest_route=\/wp\/v2\/types\/page"}],"author":[{"embeddable":true,"href":"https:\/\/thilinizach.de\/index.php?rest_route=\/wp\/v2\/users\/1"}],"replies":[{"embeddable":true,"href":"https:\/\/thilinizach.de\/index.php?rest_route=%2Fwp%2Fv2%2Fcomments&post=564"}],"version-history":[{"count":2,"href":"https:\/\/thilinizach.de\/index.php?rest_route=\/wp\/v2\/pages\/564\/revisions"}],"predecessor-version":[{"id":633,"href":"https:\/\/thilinizach.de\/index.php?rest_route=\/wp\/v2\/pages\/564\/revisions\/633"}],"wp:attachment":[{"href":"https:\/\/thilinizach.de\/index.php?rest_route=%2Fwp%2Fv2%2Fmedia&parent=564"}],"curies":[{"name":"wp","href":"https:\/\/api.w.org\/{rel}","templated":true}]}}